{"id":96,"date":"2023-09-30T18:15:28","date_gmt":"2023-09-30T18:15:28","guid":{"rendered":"https:\/\/www.tanela.lt\/?page_id=96"},"modified":"2023-09-30T18:38:33","modified_gmt":"2023-09-30T18:38:33","slug":"slapuku-politika","status":"publish","type":"page","link":"https:\/\/www.tanela.lt\/index.php\/slapuku-politika\/","title":{"rendered":"Slapuk\u0173 politika"},"content":{"rendered":"\t\t<div data-elementor-type=\"wp-page\" data-elementor-id=\"96\" class=\"elementor elementor-96\" data-elementor-settings=\"{&quot;ha_cmc_init_switcher&quot;:&quot;no&quot;}\" data-elementor-post-type=\"page\">\n\t\t\t\t<div class=\"elementor-element elementor-element-c18dee4 e-con-full e-flex e-con e-parent\" data-id=\"c18dee4\" data-element_type=\"container\" data-e-type=\"container\">\n\t\t\t\t<div class=\"elementor-element elementor-element-3d71a49 elementor-widget-divider--view-line_text elementor-widget-divider--element-align-left elementor-widget elementor-widget-divider\" data-id=\"3d71a49\" data-element_type=\"widget\" data-e-type=\"widget\" data-widget_type=\"divider.default\">\n\t\t\t\t<div class=\"elementor-widget-container\">\n\t\t\t\t\t\t\t<div class=\"elementor-divider\">\n\t\t\t<span class=\"elementor-divider-separator\">\n\t\t\t\t\t\t\t<h1 class=\"elementor-divider__text elementor-divider__element\">\n\t\t\t\tSLAPUK\u0172 POLITIKA\t\t\t\t<\/h1>\n\t\t\t\t\t\t<\/span>\n\t\t<\/div>\n\t\t\t\t\t\t<\/div>\n\t\t\t\t<\/div>\n\t\t\t\t<div class=\"elementor-element elementor-element-3b6931a elementor-widget elementor-widget-heading\" data-id=\"3b6931a\" data-element_type=\"widget\" data-e-type=\"widget\" data-widget_type=\"heading.default\">\n\t\t\t\t<div class=\"elementor-widget-container\">\n\t\t\t\t\t<h2 class=\"elementor-heading-title elementor-size-default\">K\u0105 numato \u0161is privatumo prane\u0161imas?<\/h2>\t\t\t\t<\/div>\n\t\t\t\t<\/div>\n\t\t\t\t<div class=\"elementor-element elementor-element-98bc9df elementor-widget elementor-widget-text-editor\" data-id=\"98bc9df\" data-element_type=\"widget\" data-e-type=\"widget\" data-widget_type=\"text-editor.default\">\n\t\t\t\t<div class=\"elementor-widget-container\">\n\t\t\t\t\t\t\t\t\t<p>Slapukas \u2013 tai nedidelis tekstinis elementas, \u012fra\u0161omas J\u016bs\u0173 \u012frenginyje, kai apsilankote m\u016bs\u0173 svetain\u0117je <a href=\"https:\/\/tanela.lt\/\">tanela.lt<\/a> Slapukai leid\u017eia interneto svetainei kur\u012f laik\u0105 prisiminti informacij\u0105 apie J\u016bs\u0173 nar\u0161ym\u0105 svetain\u0117je ir atpa\u017einti Jus kit\u0105 kart\u0105 apsilankius svetain\u0117je, \u012fgyvendinti kai kurias svetain\u0117s funkcijas ir steb\u0117ti klient\u0173 nar\u0161ym\u0105 svetain\u0117je. Visa tai leid\u017eia mums suteikti Jums galimyb\u0119 svetaine naudotis patogiai ir siekti, kad svetain\u0117 tapt\u0173 dar patogesn\u0117 ir draugi\u0161kesn\u0117.<\/p>\t\t\t\t\t\t\t\t<\/div>\n\t\t\t\t<\/div>\n\t\t\t\t<div class=\"elementor-element elementor-element-a35d331 elementor-widget elementor-widget-heading\" data-id=\"a35d331\" data-element_type=\"widget\" data-e-type=\"widget\" data-widget_type=\"heading.default\">\n\t\t\t\t<div class=\"elementor-widget-container\">\n\t\t\t\t\t<h2 class=\"elementor-heading-title elementor-size-default\">Kod\u0117l naudojame slapukus?<\/h2>\t\t\t\t<\/div>\n\t\t\t\t<\/div>\n\t\t\t\t<div class=\"elementor-element elementor-element-2beafba elementor-widget elementor-widget-text-editor\" data-id=\"2beafba\" data-element_type=\"widget\" data-e-type=\"widget\" data-widget_type=\"text-editor.default\">\n\t\t\t\t<div class=\"elementor-widget-container\">\n\t\t\t\t\t\t\t\t\t<p>Slapukus naudojame, kad:<\/p><ul><li>u\u017etikrintume svetain\u0117s pagrindini\u0173 paslaug\u0173 funkcionalum\u0105;<\/li><li>padarytume svetain\u0119 patogesne;<\/li><li>kauptume informacij\u0105 apie naudojim\u0105si svetaine;<\/li><li>suteiktume galimyb\u0119 naudotis integracija su socialiniais tinklais.<\/li><\/ul>\t\t\t\t\t\t\t\t<\/div>\n\t\t\t\t<\/div>\n\t\t\t\t<div class=\"elementor-element elementor-element-955bb2f elementor-widget elementor-widget-heading\" data-id=\"955bb2f\" data-element_type=\"widget\" data-e-type=\"widget\" data-widget_type=\"heading.default\">\n\t\t\t\t<div class=\"elementor-widget-container\">\n\t\t\t\t\t<h2 class=\"elementor-heading-title elementor-size-default\">Kokius slapukus naudojame?<\/h2>\t\t\t\t<\/div>\n\t\t\t\t<\/div>\n\t\t\t\t<div class=\"elementor-element elementor-element-b4bffb9 elementor-widget elementor-widget-text-editor\" data-id=\"b4bffb9\" data-element_type=\"widget\" data-e-type=\"widget\" data-widget_type=\"text-editor.default\">\n\t\t\t\t<div class=\"elementor-widget-container\">\n\t\t\t\t\t\t\t\t\t<ul><li>B\u016btinieji slapukai: \u0161ie slapukai b\u016btini tam, kad veikt\u0173 m\u016bs\u0173 interneto svetain\u0117 Be j\u0173 mes tiesiog negal\u0117tume Jums suteikti paslaug\u0173, d\u0117l kuri\u0173 J\u016bs apsilank\u0117te <a href=\"https:\/\/www.tanela.lt\/\">www.tanela.lt<\/a> svetain\u0117je. Taip pat naudojami slapukai, kurie nustatyt\u0173, ar J\u016bs sutikote, kad slapukai b\u016bt\u0173 \u012fra\u0161omi J\u016bs\u0173 \u012frenginiuose;<\/li><li>Statistikos slapukai: \u0161ie slapukai mums suteikia galimyb\u0119 su\u017einoti, i\u0161 kokios reklamos ar paie\u0161kos sistemos J\u016bs patekote \u012f m\u016bs\u0173 svetain\u0119 bei apskai\u010diuoti, kiek lankytoj\u0173 susilaukiame per tam tikr\u0105 laikotarp\u012f.<\/li><li>Socialini\u0173 tinkl\u0173 slapukai: \u0161ie slapukai Jums suteiks galimyb\u0119 para\u0161yti m\u016bs\u0173 svetain\u0117je atsiliepim\u0105 naudojantis Facebook comments funkcija arba su savo socialini\u0173 tinkl\u0173 draugais pasidalinti patikusiu <a href=\"https:\/\/www.tanela.lt\/\">www.tanela.lt<\/a> svetain\u0117s turiniu.<\/li><li>Sesijos slapukai nustatomi kiekvienai sesijai, t. y. jie saugomi tol, kol u\u017edarote nar\u0161ykl\u0119. Sesijos slapukai n\u0117ra saugomi J\u016bs\u0173 \u012frenginio kietajame diske. Nuolatiniai slapukai yra saugomi J\u016bs\u0173 \u012frenginyje, kol juos i\u0161trinate arba kol baigiasi j\u0173 saugojimo terminas, bet ne ilgiau nei vienerius metus.<\/li><\/ul>\t\t\t\t\t\t\t\t<\/div>\n\t\t\t\t<\/div>\n\t\t\t\t<div class=\"elementor-element elementor-element-d4bdaf3 elementor-widget elementor-widget-heading\" data-id=\"d4bdaf3\" data-element_type=\"widget\" data-e-type=\"widget\" data-widget_type=\"heading.default\">\n\t\t\t\t<div class=\"elementor-widget-container\">\n\t\t\t\t\t<h2 class=\"elementor-heading-title elementor-size-default\">Kokiu pagrindu naudojame slapukus?<\/h2>\t\t\t\t<\/div>\n\t\t\t\t<\/div>\n\t\t\t\t<div class=\"elementor-element elementor-element-eca64a7 elementor-widget elementor-widget-text-editor\" data-id=\"eca64a7\" data-element_type=\"widget\" data-e-type=\"widget\" data-widget_type=\"text-editor.default\">\n\t\t\t\t<div class=\"elementor-widget-container\">\n\t\t\t\t\t\t\t\t\t<ul><li>Naudodami b\u016btinuosius slapukus, remiam\u0117s teis\u0117tu m\u016bs\u0173 interesu u\u017etikrinti svetain\u0117s ir joje teikiam\u0173 paslaug\u0173 funkcionalum\u0105.<\/li><li>Naudodami statistikos ir socialini\u0173 tinkl\u0173 slapukus, remiam\u0117s J\u016bs\u0173 sutikimu, tod\u0117l \u0161iuos slapukus naudojame tik gav\u0119 sutikim\u0105. Ta\u010diau nedavus sutikimo naudoti slapukus, kai kurios svetain\u0117s funkcijos gali neveikti arba veikti netinkamai.<\/li><\/ul>\t\t\t\t\t\t\t\t<\/div>\n\t\t\t\t<\/div>\n\t\t\t\t<div class=\"elementor-element elementor-element-b2ab2c8 elementor-widget elementor-widget-heading\" data-id=\"b2ab2c8\" data-element_type=\"widget\" data-e-type=\"widget\" data-widget_type=\"heading.default\">\n\t\t\t\t<div class=\"elementor-widget-container\">\n\t\t\t\t\t<h2 class=\"elementor-heading-title elementor-size-default\">Kaip valdyti slapukus?<\/h2>\t\t\t\t<\/div>\n\t\t\t\t<\/div>\n\t\t\t\t<div class=\"elementor-element elementor-element-ff8a5ae elementor-widget elementor-widget-text-editor\" data-id=\"ff8a5ae\" data-element_type=\"widget\" data-e-type=\"widget\" data-widget_type=\"text-editor.default\">\n\t\t\t\t<div class=\"elementor-widget-container\">\n\t\t\t\t\t\t\t\t\t<p>Valdyti ir i\u0161trinti slapukus galite naudodamiesi savo nar\u0161ykl\u0117s nustatymais. J\u016bs galite i\u0161trinti visus J\u016bs\u0173 \u012frenginyje \u012fra\u0161ytus slapukus bei naudotis kitais J\u016bs\u0173 nar\u0161ykl\u0117s nustatymais, pvz., neleisti svetain\u0117ms J\u016bs\u0173 \u012frenginyje \u012fra\u0161yti slapuk\u0173. Daugiau naudingos informacijos galite pasiekti adresu <a href=\"http:\/\/www.youronlinechoices.com\/\">www.youronlinechoices.com<\/a>. Ta\u010diau informuojame, kad tokiu atveju Jums gali reik\u0117ti rankiniu b\u016bdu pakeisti kai kurias parinktis kaskart, kai lankysit\u0117s svetain\u0117je, o kai kurios paslaugos ir funkcijos gali neveikti.<\/p>\t\t\t\t\t\t\t\t<\/div>\n\t\t\t\t<\/div>\n\t\t\t\t<\/div>\n\t\t\t\t<\/div>\n\t\t","protected":false},"excerpt":{"rendered":"<p>SLAPUK\u0172 POLITIKA K\u0105 numato \u0161is privatumo prane\u0161imas? Slapukas \u2013 tai nedidelis tekstinis elementas, \u012fra\u0161omas J\u016bs\u0173 \u012frenginyje, kai apsilankote m\u016bs\u0173 svetain\u0117je tanela.lt Slapukai leid\u017eia interneto svetainei kur\u012f laik\u0105 prisiminti informacij\u0105 apie J\u016bs\u0173 nar\u0161ym\u0105 svetain\u0117je ir atpa\u017einti Jus kit\u0105 kart\u0105 apsilankius svetain\u0117je, \u012fgyvendinti kai kurias svetain\u0117s funkcijas ir steb\u0117ti klient\u0173 nar\u0161ym\u0105 svetain\u0117je. Visa tai leid\u017eia mums suteikti [&hellip;]<\/p>\n","protected":false},"author":1,"featured_media":0,"parent":0,"menu_order":0,"comment_status":"closed","ping_status":"closed","template":"","meta":{"footnotes":""},"class_list":["post-96","page","type-page","status-publish","hentry"],"_links":{"self":[{"href":"https:\/\/www.tanela.lt\/index.php\/wp-json\/wp\/v2\/pages\/96","targetHints":{"allow":["GET"]}}],"collection":[{"href":"https:\/\/www.tanela.lt\/index.php\/wp-json\/wp\/v2\/pages"}],"about":[{"href":"https:\/\/www.tanela.lt\/index.php\/wp-json\/wp\/v2\/types\/page"}],"author":[{"embeddable":true,"href":"https:\/\/www.tanela.lt\/index.php\/wp-json\/wp\/v2\/users\/1"}],"replies":[{"embeddable":true,"href":"https:\/\/www.tanela.lt\/index.php\/wp-json\/wp\/v2\/comments?post=96"}],"version-history":[{"count":0,"href":"https:\/\/www.tanela.lt\/index.php\/wp-json\/wp\/v2\/pages\/96\/revisions"}],"wp:attachment":[{"href":"https:\/\/www.tanela.lt\/index.php\/wp-json\/wp\/v2\/media?parent=96"}],"curies":[{"name":"wp","href":"https:\/\/api.w.org\/{rel}","templated":true}]}}